{"id":747,"date":"2019-05-17T15:10:46","date_gmt":"2019-05-17T18:10:46","guid":{"rendered":"https:\/\/ens31-sfe.infd.edu.ar\/sitio\/informacion-para-alumnos\/"},"modified":"2025-10-22T18:43:23","modified_gmt":"2025-10-22T21:43:23","slug":"informacion-para-alumnos","status":"publish","type":"page","link":"https:\/\/ens31-sfe.infd.edu.ar\/sitio\/informacion-para-alumnos\/","title":{"rendered":"Informaci\u00f3n para alumnas\/os"},"content":{"rendered":"<h5 style=\"text-align: left;\"><span style=\"color: #0000ff;\"><strong>Condiciones de ingreso<\/strong><\/span><\/h5>\n<p>Los requisitos para la inscripci\u00f3n regular en Primer A\u00f1o de las carreras de los Institutos Superiores son los siguientes:<\/p>\n<p>Poseer certificado de estudio de Nivel Secundario completo, debidamente legalizado, otorgado por establecimiento oficialmente reconocido.<\/p>\n<p>Cumplimentar las actividades previas al ingreso en la fecha y condiciones que establezca la autoridad ministerial correspondiente<\/p>\n<h5><span style=\"color: #0000ff;\">CONDICIONES DE REGULARIDAD Y CUESTIONES FUNDAMENTALES INHERENTES A LA APROBACI\u00d3N Y EX\u00c1MENES DE LOS DIFERENTES ESPACIOS CURRICULARES. <\/span><\/h5>\n<p>Teniendo en cuenta el Reglamento Acad\u00e9mico Marco Decreto N\u00ba 4199\/15 , y de acuerdo al dise\u00f1o curricular, las unidades curriculares con formato materia se pueden realizar de la siguiente manera:<\/p>\n<h6>REGULAR CON CURSADO PRESENCIAL<\/h6>\n<p>Quienes opten por la modalidad de cursado regular presencial en una materia deber\u00e1n:<\/p>\n<p>&#8211; Al inicio del a\u00f1o, inscribirse en la carrera y en la materia especificando la condici\u00f3n de alumno regular-presencial. Se regulariza el cursado de las materias mediante el cumplimiento del: &#8211; 75% de la asistencia a clases de cada cuatrimestre y hasta 50% cuando las ausencias se deban a razones de salud, trabajo u otras situaciones debidamente comprobadas y justificadas. De no cumplir con los porcentajes, podr\u00e1 reincorporarse a trav\u00e9s de una instancia de evaluaci\u00f3n. &#8211; aprobaci\u00f3n del 70% de los trabajos pr\u00e1cticos. &#8211; aprobaci\u00f3n de los parciales previstos en el programa o plan de c\u00e1tedra, con una calificaci\u00f3n m\u00ednima de 6 (seis). Esto posibilitar\u00e1 acceder a la \u201cregularidad\u201d para tener derecho al examen final ante tribunal o por promoci\u00f3n directa. La promoci\u00f3n directa requerir\u00e1 la aprobaci\u00f3n del 100% de los trabajos pr\u00e1cticos y parciales con un promedio de 8 o m\u00e1s, y culminar\u00e1n con un coloquio integrador ante el\/la profesor\/a a cargo del espacio que tambi\u00e9n debe calificarse con 8 o m\u00e1s.<\/p>\n<h6>REGULAR CON CURSADO SEMI-PRESENCIAL<\/h6>\n<p>&#8211; Quienes opten por la modalidad de cursado regular semi-presencial en una materia deber\u00e1n: &#8211; Al inicio del a\u00f1o, inscribirse en la carrera y en la materia especificando la condici\u00f3n de alumno regular-semipresencial. Se regulariza el cursado de las materias mediante el cumplimiento del: &#8211; 40% de asistencia a clases de cada cuatrimestre. &#8211; aprobaci\u00f3n del 100% de los trabajos pr\u00e1cticos &#8211; aprobaci\u00f3n de los parciales previstos en el programa o plan de c\u00e1tedra, con una calificaci\u00f3n m\u00ednima de 6(seis). Esto posibilitar\u00e1 acceder a la \u201cregularidad\u201d para tener derecho al examen final ante tribunal.<\/p>\n<h6>LIBRE<\/h6>\n<p>Quienes opten por la modalidad de cursado libre en una materia deber\u00e1n: &#8211; Al inicio del a\u00f1o, inscribirse en la carrera y en la materia especificando la condici\u00f3n de alumno libre. &#8211; tener aprobadas las unidades curriculares previas correlativas. &#8211; contactarse con el docente a cargo de la c\u00e1tedra para recibir las indicaciones inherentes a esta modalidad. &#8211; inscribirse en el turno de ex\u00e1menes. &#8211; La aprobaci\u00f3n ser\u00e1 con examen final escrito y\/u oral ante tribunal, con ajuste a la bibliograf\u00eda y materiales indicados previamente por el docente a cargo de la c\u00e1tedra.<\/p>\n<p>***La regularidad en cada unidad curricular con formato materia se mantendr\u00e1 por tres a\u00f1os consecutivos a partir del primer turno correspondiente al a\u00f1o lectivo siguiente a la cursada. Finalizado este periodo queda en la condici\u00f3n de libre o de recursar la Unidad Curricular.<\/p>\n<h5><strong>Duraci\u00f3n de la carrera y carga horaria<\/strong><\/h5>\n<p>Duraci\u00f3n de la carrera: cuatro a\u00f1os<\/p>\n<p>Carga horaria total de la carrera en horas reloj: 2816<\/p>\n<p>Carga horaria total de la carrera en horas c\u00e1tedra: 4224<\/p>\n<h5><strong>T\u00edtulo a otorgar<\/strong><\/h5>\n<p>T\u00edtulo que se otorga: Profesor\/a de Educaci\u00f3n Primaria<\/p>\n<p><\/p>\n\n\n<blockquote class=\"wp-block-quote\">\n<p><em>\u201cNada que valga la pena se consigue sin esfuerzo. Estudiar es, ante todo, un acto de voluntad.\u201d<\/em><\/p>\n<\/blockquote>\n\n\n\n<figure class=\"wp-block-image size-full\"><img decoding=\"async\" loading=\"lazy\" width=\"1600\" height=\"1200\" src=\"https:\/\/ens31-sfe.infd.edu.ar\/sitio\/wp-content\/uploads\/2025\/10\/12-2.jpg\" alt=\"\" class=\"wp-image-1057\" srcset=\"https:\/\/ens31-sfe.infd.edu.ar\/sitio\/wp-content\/uploads\/2025\/10\/12-2.jpg 1600w, https:\/\/ens31-sfe.infd.edu.ar\/sitio\/wp-content\/uploads\/2025\/10\/12-2-1000x750.jpg 1000w, https:\/\/ens31-sfe.infd.edu.ar\/sitio\/wp-content\/uploads\/2025\/10\/12-2-768x576.jpg 768w, https:\/\/ens31-sfe.infd.edu.ar\/sitio\/wp-content\/uploads\/2025\/10\/12-2-1536x1152.jpg 1536w\" sizes=\"(max-width: 1600px) 100vw, 1600px\" \/><\/figure>\n","protected":false},"excerpt":{"rendered":"<p>Condiciones de ingreso Los requisitos para la inscripci\u00f3n regular en Primer A\u00f1o de las carreras de los Institutos Superiores son los siguientes: Poseer certificado de estudio de Nivel Secundario completo, debidamente legalizado, otorgado por establecimiento oficialmente reconocido. Cumplimentar las actividades previas al ingreso en la fecha y condiciones que establezca la autoridad ministerial correspondiente CONDICIONES &#8230; <a title=\"Informaci\u00f3n para alumnas\/os\" class=\"read-more\" href=\"https:\/\/ens31-sfe.infd.edu.ar\/sitio\/informacion-para-alumnos\/\" aria-label=\"More on Informaci\u00f3n para alumnas\/os\">[+]<\/a><\/p>\n","protected":false},"author":21,"featured_media":0,"parent":0,"menu_order":0,"comment_status":"closed","ping_status":"closed","template":"","meta":[],"acf":[],"_links":{"self":[{"href":"https:\/\/ens31-sfe.infd.edu.ar\/sitio\/wp-json\/wp\/v2\/pages\/747"}],"collection":[{"href":"https:\/\/ens31-sfe.infd.edu.ar\/sitio\/wp-json\/wp\/v2\/pages"}],"about":[{"href":"https:\/\/ens31-sfe.infd.edu.ar\/sitio\/wp-json\/wp\/v2\/types\/page"}],"author":[{"embeddable":true,"href":"https:\/\/ens31-sfe.infd.edu.ar\/sitio\/wp-json\/wp\/v2\/users\/21"}],"replies":[{"embeddable":true,"href":"https:\/\/ens31-sfe.infd.edu.ar\/sitio\/wp-json\/wp\/v2\/comments?post=747"}],"version-history":[{"count":5,"href":"https:\/\/ens31-sfe.infd.edu.ar\/sitio\/wp-json\/wp\/v2\/pages\/747\/revisions"}],"predecessor-version":[{"id":1058,"href":"https:\/\/ens31-sfe.infd.edu.ar\/sitio\/wp-json\/wp\/v2\/pages\/747\/revisions\/1058"}],"wp:attachment":[{"href":"https:\/\/ens31-sfe.infd.edu.ar\/sitio\/wp-json\/wp\/v2\/media?parent=747"}],"curies":[{"name":"wp","href":"https:\/\/api.w.org\/{rel}","templated":true}]}}