{"id":774,"date":"2019-05-17T15:10:55","date_gmt":"2019-05-17T18:10:55","guid":{"rendered":"https:\/\/ens31-sfe.infd.edu.ar\/sitio\/calendario-academico\/"},"modified":"2025-10-27T10:46:23","modified_gmt":"2025-10-27T13:46:23","slug":"calendario-academico","status":"publish","type":"page","link":"https:\/\/ens31-sfe.infd.edu.ar\/sitio\/calendario-academico\/","title":{"rendered":"Calendario Acad\u00e9mico"},"content":{"rendered":"<div class=\"aligncenter wp-block-calendar\"><table id=\"wp-calendar\" class=\"wp-calendar-table\">\n\t<caption>mayo 2026<\/caption>\n\t<thead>\n\t<tr>\n\t\t<th scope=\"col\" title=\"domingo\">D<\/th>\n\t\t<th scope=\"col\" title=\"lunes\">L<\/th>\n\t\t<th scope=\"col\" title=\"martes\">M<\/th>\n\t\t<th scope=\"col\" title=\"mi\u00e9rcoles\">X<\/th>\n\t\t<th scope=\"col\" title=\"jueves\">J<\/th>\n\t\t<th scope=\"col\" title=\"viernes\">V<\/th>\n\t\t<th scope=\"col\" title=\"s\u00e1bado\">S<\/th>\n\t<\/tr>\n\t<\/thead>\n\t<tbody>\n\t<tr>\n\t\t<td colspan=\"5\" class=\"pad\">&nbsp;<\/td><td>1<\/td><td>2<\/td>\n\t<\/tr>\n\t<tr>\n\t\t<td>3<\/td><td>4<\/td><td>5<\/td><td>6<\/td><td>7<\/td><td>8<\/td><td>9<\/td>\n\t<\/tr>\n\t<tr>\n\t\t<td id=\"today\">10<\/td><td>11<\/td><td>12<\/td><td>13<\/td><td>14<\/td><td>15<\/td><td>16<\/td>\n\t<\/tr>\n\t<tr>\n\t\t<td>17<\/td><td>18<\/td><td>19<\/td><td>20<\/td><td>21<\/td><td>22<\/td><td>23<\/td>\n\t<\/tr>\n\t<tr>\n\t\t<td>24<\/td><td>25<\/td><td>26<\/td><td>27<\/td><td>28<\/td><td>29<\/td><td>30<\/td>\n\t<\/tr>\n\t<tr>\n\t\t<td>31<\/td>\n\t\t<td class=\"pad\" colspan=\"6\">&nbsp;<\/td>\n\t<\/tr>\n\t<\/tbody>\n\t<\/table><nav aria-label=\"Meses anteriores y posteriores\" class=\"wp-calendar-nav\">\n\t\t<span class=\"wp-calendar-nav-prev\"><a href=\"https:\/\/ens31-sfe.infd.edu.ar\/sitio\/2025\/10\/\">&laquo; Oct<\/a><\/span>\n\t\t<span class=\"pad\">&nbsp;<\/span>\n\t\t<span class=\"wp-calendar-nav-next\">&nbsp;<\/span>\n\t<\/nav><\/div>\n\n<p><\/p>\n<h3 style=\"text-align: center;\"><span style=\"font-size: 10pt; font-family: verdana,geneva;\"><strong>Calendario <span style=\"color: #3366ff;\">acad\u00e9mico<\/span> 2025-2026<\/strong><\/span><\/h3>\n<table style=\"border: 1px solid #5090b0; width: 1025px; height: 454px;\" border=\"1\" cellspacing=\"0\" cellpadding=\"0\" align=\"center\">\n<tbody>\n<tr align=\"center\" valign=\"middle\">\n<td style=\"width: 45%; height: 20px; background-color: #ddeaf0; border: 1px solid #5090b0;\" align=\"center\" valign=\"middle\">\n<h6><span style=\"font-size: 10pt;\"><span style=\"font-family: verdana,geneva;\"><span style=\"color: #3e748e;\"><strong>Mesas de ex\u00e1menes Turno Febrero &#8211; Marzo<br><\/strong><\/span><\/span><\/span><\/h6>\n<\/td>\n<\/tr>\n<tr align=\"center\" valign=\"middle\">\n<td style=\"width: 45%; height: 20px; border: 1px solid #5090b0;\" align=\"center\" valign=\"middle\">&nbsp;<\/td>\n<\/tr>\n<tr>\n<td style=\"width: 45%; height: 20px; background-color: #ddeaf0; border: 1px solid #5090b0;\" align=\"center\" valign=\"middle\"><span style=\"font-size: 10pt;\"><span style=\"font-family: verdana,geneva;\"><span style=\"color: #3e748e;\"><strong>Primer cuatrimestre<\/strong><\/span><\/span><\/span><\/td>\n<\/tr>\n<tr>\n<td style=\"width: 45%; height: 20px; border: 1px solid #5090b0;\" align=\"center\" valign=\"middle\">&nbsp;<\/td>\n<\/tr>\n<tr>\n<td style=\"width: 45%; height: 20px; background-color: #ddeaf0; border: 1px solid #5090b0;\" align=\"center\" valign=\"middle\"><span style=\"font-size: 10pt;\"><span style=\"font-family: verdana,geneva;\"><span style=\"color: #3e748e;\"><strong>Receso invernal<\/strong><\/span><\/span><\/span><\/td>\n<\/tr>\n<tr>\n<td style=\"width: 45%; height: 20px; border: 1px solid #5090b0;\" align=\"center\" valign=\"middle\">&nbsp;<\/td>\n<\/tr>\n<tr>\n<td style=\"width: 45%; height: 20px; background-color: #ddeaf0; border: 1px solid #5090b0;\" align=\"center\" valign=\"middle\"><span style=\"font-size: 10pt;\"><span style=\"font-family: verdana,geneva;\"><span style=\"color: #3e748e;\"><strong>Mesas de ex\u00e1menes Turno Julio &#8211; Agosto<\/strong><\/span><\/span><\/span><\/td>\n<\/tr>\n<tr>\n<td style=\"width: 45%; height: 20px; border: 1px solid #5090b0;\" align=\"center\" valign=\"middle\">&nbsp;<\/td>\n<\/tr>\n<tr>\n<td style=\"width: 45%; height: 20px; background-color: #ddeaf0; border: 1px solid #5090b0;\" align=\"center\" valign=\"middle\"><span style=\"font-size: 10pt;\"><span style=\"font-family: verdana,geneva;\"><span style=\"color: #3e748e;\"><strong>Segundo cuatrimestre<\/strong><\/span><\/span><\/span><\/td>\n<\/tr>\n<tr>\n<td style=\"width: 45%; height: 20px; border: 1px solid #5090b0;\" align=\"center\" valign=\"middle\"><span style=\"font-size: 10pt; font-family: verdana,geneva;\">05 de agosto al 14 de noviembre de 2025<\/span><\/td>\n<\/tr>\n<tr>\n<td style=\"width: 45%; height: 20px; background-color: #ddeaf0; border: 1px solid #5090b0; text-align: center;\" align=\"center\" valign=\"middle\"><span style=\"font-size: 10pt;\"><span style=\"font-family: verdana,geneva;\"><span style=\"color: #3e748e;\"><strong>Mesas de ex\u00e1menes Turno Noviembre &#8211; Diciembre<br><\/strong><\/span><\/span><\/span><\/td>\n<\/tr>\n<tr>\n<td style=\"width: 45%; height: 20px; border: 1px solid #5090b0;\" align=\"center\" valign=\"middle\"><span style=\"font-size: 10pt; font-family: verdana,geneva;\">25 de noviembre al 19 de diciembre de 2025<\/span><\/td>\n<\/tr>\n<\/tbody>\n<\/table>\n\n\n<div class=\"wp-block-file\"><object class=\"wp-block-file__embed\" data=\"https:\/\/ens31-sfe.infd.edu.ar\/sitio\/wp-content\/uploads\/2025\/10\/calendario-escolar-2025.pdf\" type=\"application\/pdf\" style=\"width:100%;height:600px\" aria-label=\"Incrustado de calendario-escolar-2025.\"><\/object><a id=\"wp-block-file--media-4bed630c-03cd-4f73-b2ed-24017d1f2822\" href=\"https:\/\/ens31-sfe.infd.edu.ar\/sitio\/wp-content\/uploads\/2025\/10\/calendario-escolar-2025.pdf\">calendario-escolar-2025<\/a><a href=\"https:\/\/ens31-sfe.infd.edu.ar\/sitio\/wp-content\/uploads\/2025\/10\/calendario-escolar-2025.pdf\" class=\"wp-block-file__button wp-element-button\" download aria-describedby=\"wp-block-file--media-4bed630c-03cd-4f73-b2ed-24017d1f2822\">Descarga<\/a><\/div>\n","protected":false},"excerpt":{"rendered":"<p>Calendario acad\u00e9mico 2025-2026 Mesas de ex\u00e1menes Turno Febrero &#8211; Marzo &nbsp; Primer cuatrimestre &nbsp; Receso invernal &nbsp; Mesas de ex\u00e1menes Turno Julio &#8211; Agosto &nbsp; Segundo cuatrimestre 05 de agosto al 14 de noviembre de 2025 Mesas de ex\u00e1menes Turno Noviembre &#8211; Diciembre 25 de noviembre al 19 de diciembre de 2025<\/p>\n","protected":false},"author":21,"featured_media":0,"parent":0,"menu_order":0,"comment_status":"closed","ping_status":"closed","template":"","meta":[],"acf":[],"_links":{"self":[{"href":"https:\/\/ens31-sfe.infd.edu.ar\/sitio\/wp-json\/wp\/v2\/pages\/774"}],"collection":[{"href":"https:\/\/ens31-sfe.infd.edu.ar\/sitio\/wp-json\/wp\/v2\/pages"}],"about":[{"href":"https:\/\/ens31-sfe.infd.edu.ar\/sitio\/wp-json\/wp\/v2\/types\/page"}],"author":[{"embeddable":true,"href":"https:\/\/ens31-sfe.infd.edu.ar\/sitio\/wp-json\/wp\/v2\/users\/21"}],"replies":[{"embeddable":true,"href":"https:\/\/ens31-sfe.infd.edu.ar\/sitio\/wp-json\/wp\/v2\/comments?post=774"}],"version-history":[{"count":6,"href":"https:\/\/ens31-sfe.infd.edu.ar\/sitio\/wp-json\/wp\/v2\/pages\/774\/revisions"}],"predecessor-version":[{"id":1092,"href":"https:\/\/ens31-sfe.infd.edu.ar\/sitio\/wp-json\/wp\/v2\/pages\/774\/revisions\/1092"}],"wp:attachment":[{"href":"https:\/\/ens31-sfe.infd.edu.ar\/sitio\/wp-json\/wp\/v2\/media?parent=774"}],"curies":[{"name":"wp","href":"https:\/\/api.w.org\/{rel}","templated":true}]}}